{"id":26,"date":"2023-01-17T00:48:56","date_gmt":"2023-01-16T23:48:56","guid":{"rendered":"http:\/\/www.cafe-des-jaseurs.fr\/?page_id=26"},"modified":"2023-03-16T11:17:41","modified_gmt":"2023-03-16T10:17:41","slug":"le-coin-des-artistes","status":"publish","type":"page","link":"https:\/\/www.cafe-des-jaseurs.fr\/index.php\/le-coin-des-artistes\/","title":{"rendered":"Le coin des artistes :"},"content":{"rendered":"\n<blockquote class=\"wp-block-quote is-layout-flow wp-block-quote-is-layout-flow\">\n<p class=\"has-vivid-cyan-blue-color has-text-color has-medium-font-size\" style=\"font-style:italic;font-weight:200\">Ce soir un village d\u2019oiseaux tr\u00e8s haut exulte et passe.<\/p>\n<cite>Ren\u00e9 Char<\/cite><\/blockquote>\n\n\n\n<p>Bient\u00f4t vous pourrez d\u00e9couvrir les jaseurs et jaseuses&#8230; Guy Prunier derri\u00e8re son contoir&#8230;<\/p>\n\n\n\n<figure class=\"wp-block-image size-large is-resized\"><img loading=\"lazy\" decoding=\"async\" src=\"https:\/\/www.cafe-des-jaseurs.fr\/wp-content\/uploads\/2023\/01\/Samia-Hadj-galerie-de-portrait-974x1024.jpg\" alt=\"\" class=\"wp-image-41\" width=\"305\" height=\"321\" srcset=\"https:\/\/www.cafe-des-jaseurs.fr\/wp-content\/uploads\/2023\/01\/Samia-Hadj-galerie-de-portrait-974x1024.jpg 974w, https:\/\/www.cafe-des-jaseurs.fr\/wp-content\/uploads\/2023\/01\/Samia-Hadj-galerie-de-portrait-285x300.jpg 285w, https:\/\/www.cafe-des-jaseurs.fr\/wp-content\/uploads\/2023\/01\/Samia-Hadj-galerie-de-portrait-768x807.jpg 768w, https:\/\/www.cafe-des-jaseurs.fr\/wp-content\/uploads\/2023\/01\/Samia-Hadj-galerie-de-portrait.jpg 1181w\" sizes=\"auto, (max-width: 305px) 100vw, 305px\" \/><\/figure>\n\n\n\n<p>&#8230; Et les artistes de passage au caf\u00e9 : <\/p>\n\n\n\n<p>Du cot\u00e9 des grandes parleurs et des trop parleurs : Yves Prunier, Annie Gallay, Laura Glutron, Alice Bernard, Barbara Glet, Anne Lise  Vouaud Massel, Fred Lavial et Delphine&#8230; <\/p>\n\n\n\n<p>A leur chevalet, Philippe Sicard, Samia Hadj, Claudie Grisard&#8230;<\/p>\n\n\n\n<p>De cordes vocales en cordes pinc\u00e9es, les amusiciennes et les croqueurs de notes&#8230;<\/p>\n\n\n\n<figure class=\"wp-block-image size-large\"><img loading=\"lazy\" decoding=\"async\" width=\"1024\" height=\"301\" src=\"https:\/\/www.cafe-des-jaseurs.fr\/wp-content\/uploads\/2023\/01\/Samia-Hadj-galerie-de-portrait-2-1024x301.jpg\" alt=\"\" class=\"wp-image-39\" srcset=\"https:\/\/www.cafe-des-jaseurs.fr\/wp-content\/uploads\/2023\/01\/Samia-Hadj-galerie-de-portrait-2-1024x301.jpg 1024w, https:\/\/www.cafe-des-jaseurs.fr\/wp-content\/uploads\/2023\/01\/Samia-Hadj-galerie-de-portrait-2-300x88.jpg 300w, https:\/\/www.cafe-des-jaseurs.fr\/wp-content\/uploads\/2023\/01\/Samia-Hadj-galerie-de-portrait-2-768x226.jpg 768w, https:\/\/www.cafe-des-jaseurs.fr\/wp-content\/uploads\/2023\/01\/Samia-Hadj-galerie-de-portrait-2-1536x452.jpg 1536w, https:\/\/www.cafe-des-jaseurs.fr\/wp-content\/uploads\/2023\/01\/Samia-Hadj-galerie-de-portrait-2.jpg 1772w\" sizes=\"auto, (max-width: 767px) 89vw, (max-width: 1000px) 54vw, (max-width: 1071px) 543px, 580px\" \/><\/figure>\n\n\n\n<blockquote class=\"wp-block-quote is-layout-flow wp-block-quote-is-layout-flow\">\n<p><\/p>\n<\/blockquote>\n","protected":false},"excerpt":{"rendered":"<p>Ce soir un village d\u2019oiseaux tr\u00e8s haut exulte et passe. Ren\u00e9 Char Bient\u00f4t vous pourrez d\u00e9couvrir les jaseurs et jaseuses&#8230; Guy Prunier derri\u00e8re son contoir&#8230; &#8230; Et les artistes de passage au caf\u00e9 : Du cot\u00e9 des grandes parleurs et des trop parleurs : Yves Prunier, Annie Gallay, Laura Glutron, Alice Bernard, Barbara Glet, Anne &hellip; <\/p>\n<p class=\"link-more\"><a href=\"https:\/\/www.cafe-des-jaseurs.fr\/index.php\/le-coin-des-artistes\/\" class=\"more-link\">Continuer la lecture<span class=\"screen-reader-text\"> de &laquo;&nbsp;Le coin des artistes :&nbsp;&raquo;<\/span><\/a><\/p>\n","protected":false},"author":1,"featured_media":0,"parent":0,"menu_order":0,"comment_status":"closed","ping_status":"closed","template":"","meta":{"footnotes":""},"class_list":["post-26","page","type-page","status-publish","hentry"],"_links":{"self":[{"href":"https:\/\/www.cafe-des-jaseurs.fr\/index.php\/wp-json\/wp\/v2\/pages\/26","targetHints":{"allow":["GET"]}}],"collection":[{"href":"https:\/\/www.cafe-des-jaseurs.fr\/index.php\/wp-json\/wp\/v2\/pages"}],"about":[{"href":"https:\/\/www.cafe-des-jaseurs.fr\/index.php\/wp-json\/wp\/v2\/types\/page"}],"author":[{"embeddable":true,"href":"https:\/\/www.cafe-des-jaseurs.fr\/index.php\/wp-json\/wp\/v2\/users\/1"}],"replies":[{"embeddable":true,"href":"https:\/\/www.cafe-des-jaseurs.fr\/index.php\/wp-json\/wp\/v2\/comments?post=26"}],"version-history":[{"count":5,"href":"https:\/\/www.cafe-des-jaseurs.fr\/index.php\/wp-json\/wp\/v2\/pages\/26\/revisions"}],"predecessor-version":[{"id":55,"href":"https:\/\/www.cafe-des-jaseurs.fr\/index.php\/wp-json\/wp\/v2\/pages\/26\/revisions\/55"}],"wp:attachment":[{"href":"https:\/\/www.cafe-des-jaseurs.fr\/index.php\/wp-json\/wp\/v2\/media?parent=26"}],"curies":[{"name":"wp","href":"https:\/\/api.w.org\/{rel}","templated":true}]}}