{"id":223,"date":"2024-12-02T15:26:34","date_gmt":"2024-12-02T14:26:34","guid":{"rendered":"https:\/\/www.cafe-des-jaseurs.fr\/?page_id=223"},"modified":"2024-12-02T15:26:34","modified_gmt":"2024-12-02T14:26:34","slug":"les-saisons-de-giulia-2","status":"publish","type":"page","link":"https:\/\/www.cafe-des-jaseurs.fr\/index.php\/les-saisons-de-giulia-2\/","title":{"rendered":"Les saisons de Giulia"},"content":{"rendered":"\n<figure class=\"wp-block-image size-full\"><img loading=\"lazy\" decoding=\"async\" width=\"162\" height=\"170\" src=\"https:\/\/www.cafe-des-jaseurs.fr\/wp-content\/uploads\/2024\/12\/giulia_hiver.jpg\" alt=\"\" class=\"wp-image-204\"\/><\/figure>\n\n\n\n<p>Giulia a dit :<br>&#8211; Je dormirai jusqu&rsquo;au printemps, je dormirai pendant 7 ans.<br>&#8211; C&rsquo;est pour faire semblant, juste pour prendre le temps, a d\u00e9clar\u00e9 la coccinelle. Et la girafe a ajout\u00e9 :<br>&#8211; Le temps de s&rsquo;inventer des histoires et de chanter, d&rsquo;\u00e9couter en cachette les conversations des grandes personnes et de s&rsquo;habiller avec des mots de soie, de galoper \u00e0 dos de primev\u00e8re, de passer les vacances chez sa grand-m\u00e8re, de voir l&rsquo;\u00e9t\u00e9, de voir l&rsquo;hiver, de red\u00e9couvrir le plaisir des commencements \u00e0 chaque saison nouvelle, de faire connaissance avec Julien, futur prince charmant&#8230; d&rsquo;aller \u00e0 l&rsquo;\u00e9cole pour la premi\u00e8re fois !<\/p>\n\n\n\n<p>Raconter des parcelles d&rsquo;enfance, telle est l&rsquo;aventure que le conteur entreprend. Il y a du plaisir \u00e0 \u00eatre enfant, les adultes en r\u00eavent souvent. Il n&rsquo;y a pas d&rsquo;\u00e2ge pour grandir.<\/p>\n\n\n\n<figure class=\"wp-block-audio\"><audio controls src=\"https:\/\/www.cafe-des-jaseurs.fr\/wp-content\/uploads\/2024\/11\/04-Galope-galope-primevere-code-ISWC-T-004.344.593.7-code-COCV-99-780-268-11.wav\"><\/audio><\/figure>\n\n\n\n<p>Textes : Guy Prunier<\/p>\n\n\n\n<p>Musique :  \u00e9criture Gilles Pauget \/ interpr\u00e8te : Jean-Luc Portalier<\/p>\n","protected":false},"excerpt":{"rendered":"<p>Giulia a dit :&#8211; Je dormirai jusqu&rsquo;au printemps, je dormirai pendant 7 ans.&#8211; C&rsquo;est pour faire semblant, juste pour prendre le temps, a d\u00e9clar\u00e9 la coccinelle. Et la girafe a ajout\u00e9 :&#8211; Le temps de s&rsquo;inventer des histoires et de chanter, d&rsquo;\u00e9couter en cachette les conversations des grandes personnes et de s&rsquo;habiller avec des mots &hellip; <\/p>\n<p class=\"link-more\"><a href=\"https:\/\/www.cafe-des-jaseurs.fr\/index.php\/les-saisons-de-giulia-2\/\" class=\"more-link\">Continuer la lecture<span class=\"screen-reader-text\"> de &laquo;&nbsp;Les saisons de Giulia&nbsp;&raquo;<\/span><\/a><\/p>\n","protected":false},"author":1,"featured_media":0,"parent":0,"menu_order":0,"comment_status":"closed","ping_status":"closed","template":"","meta":{"footnotes":""},"class_list":["post-223","page","type-page","status-publish","hentry"],"_links":{"self":[{"href":"https:\/\/www.cafe-des-jaseurs.fr\/index.php\/wp-json\/wp\/v2\/pages\/223","targetHints":{"allow":["GET"]}}],"collection":[{"href":"https:\/\/www.cafe-des-jaseurs.fr\/index.php\/wp-json\/wp\/v2\/pages"}],"about":[{"href":"https:\/\/www.cafe-des-jaseurs.fr\/index.php\/wp-json\/wp\/v2\/types\/page"}],"author":[{"embeddable":true,"href":"https:\/\/www.cafe-des-jaseurs.fr\/index.php\/wp-json\/wp\/v2\/users\/1"}],"replies":[{"embeddable":true,"href":"https:\/\/www.cafe-des-jaseurs.fr\/index.php\/wp-json\/wp\/v2\/comments?post=223"}],"version-history":[{"count":1,"href":"https:\/\/www.cafe-des-jaseurs.fr\/index.php\/wp-json\/wp\/v2\/pages\/223\/revisions"}],"predecessor-version":[{"id":225,"href":"https:\/\/www.cafe-des-jaseurs.fr\/index.php\/wp-json\/wp\/v2\/pages\/223\/revisions\/225"}],"wp:attachment":[{"href":"https:\/\/www.cafe-des-jaseurs.fr\/index.php\/wp-json\/wp\/v2\/media?parent=223"}],"curies":[{"name":"wp","href":"https:\/\/api.w.org\/{rel}","templated":true}]}}