{"id":198,"date":"2024-12-02T12:45:06","date_gmt":"2024-12-02T11:45:06","guid":{"rendered":"https:\/\/www.cafe-des-jaseurs.fr\/?page_id=198"},"modified":"2024-12-02T12:45:06","modified_gmt":"2024-12-02T11:45:06","slug":"adam-et-reve","status":"publish","type":"page","link":"https:\/\/www.cafe-des-jaseurs.fr\/index.php\/adam-et-reve\/","title":{"rendered":"Adam et R\u00eave&#8230;"},"content":{"rendered":"\n<p><em>Adam et R\u00eave&#8230; Comment tout aurait commenc\u00e9 et puis des bouts de la suite  !<\/em><\/p>\n\n\n\n<figure class=\"wp-block-image size-full is-resized\"><img loading=\"lazy\" decoding=\"async\" width=\"472\" height=\"487\" src=\"https:\/\/www.cafe-des-jaseurs.fr\/wp-content\/uploads\/2024\/12\/heroine2.jpg\" alt=\"\" class=\"wp-image-199\" style=\"width:122px;height:auto\" srcset=\"https:\/\/www.cafe-des-jaseurs.fr\/wp-content\/uploads\/2024\/12\/heroine2.jpg 472w, https:\/\/www.cafe-des-jaseurs.fr\/wp-content\/uploads\/2024\/12\/heroine2-291x300.jpg 291w\" sizes=\"auto, (max-width: 472px) 100vw, 472px\" \/><\/figure>\n\n\n\n<p>Guy Prunier raconte, musique et chante. Il vous embarque pour un voyage improbable du jardin d&rsquo;Eden au potager de Simone en passant par les \u00e9chapp\u00e9es belles de Violette et la sous pente \u00e0 Janine\u2026 Il vous invite \u00e0 revisiter quelques histoires anciennes et \u00e0 en d\u00e9couvrir de petites nouvelles fra\u00eechement entendues ou invent\u00e9es. Il partage \u00e9galement quelques anecdotes et souvenirs personnels qui tentent de cheminer vers l&rsquo;universel&#8230;Il \u00e9voque sa m\u00e8re, d&rsquo;autres m\u00e8res, des femmes, des filles et m\u00eame ses petites filles vives et malicieuses. Il s&rsquo;interroge sur sa panoplie d&rsquo;homme qu&rsquo;il assume joyeusement mais qu&rsquo;il a toujours voulu \u00ab\u00a0compl\u00e9ter\u00a0\u00bbet \u00ab\u00a0enchanter\u00a0\u00bb au contact des femmes. L&rsquo;important n&rsquo;est-il, n&rsquo;est-elle pas d&rsquo;\u00eatre du genre&#8230; humain ?<\/p>\n\n\n\n<p>Spectacle tout public \u00e0 partir de 7 ans quand m\u00eame<\/p>\n\n\n\n<figure class=\"wp-block-image size-full is-resized\"><img loading=\"lazy\" decoding=\"async\" width=\"945\" height=\"933\" src=\"https:\/\/www.cafe-des-jaseurs.fr\/wp-content\/uploads\/2024\/12\/cousines.jpg\" alt=\"\" class=\"wp-image-200\" style=\"width:201px;height:auto\" srcset=\"https:\/\/www.cafe-des-jaseurs.fr\/wp-content\/uploads\/2024\/12\/cousines.jpg 945w, https:\/\/www.cafe-des-jaseurs.fr\/wp-content\/uploads\/2024\/12\/cousines-300x296.jpg 300w, https:\/\/www.cafe-des-jaseurs.fr\/wp-content\/uploads\/2024\/12\/cousines-768x758.jpg 768w, https:\/\/www.cafe-des-jaseurs.fr\/wp-content\/uploads\/2024\/12\/cousines-100x100.jpg 100w\" sizes=\"auto, (max-width: 767px) 89vw, (max-width: 1000px) 54vw, (max-width: 1071px) 543px, 580px\" \/><\/figure>\n\n\n\n<p><\/p>\n","protected":false},"excerpt":{"rendered":"<p>Adam et R\u00eave&#8230; Comment tout aurait commenc\u00e9 et puis des bouts de la suite ! Guy Prunier raconte, musique et chante. Il vous embarque pour un voyage improbable du jardin d&rsquo;Eden au potager de Simone en passant par les \u00e9chapp\u00e9es belles de Violette et la sous pente \u00e0 Janine\u2026 Il vous invite \u00e0 revisiter quelques &hellip; <\/p>\n<p class=\"link-more\"><a href=\"https:\/\/www.cafe-des-jaseurs.fr\/index.php\/adam-et-reve\/\" class=\"more-link\">Continuer la lecture<span class=\"screen-reader-text\"> de &laquo;&nbsp;Adam et R\u00eave&#8230;&nbsp;&raquo;<\/span><\/a><\/p>\n","protected":false},"author":1,"featured_media":0,"parent":0,"menu_order":0,"comment_status":"closed","ping_status":"closed","template":"","meta":{"footnotes":""},"class_list":["post-198","page","type-page","status-publish","hentry"],"_links":{"self":[{"href":"https:\/\/www.cafe-des-jaseurs.fr\/index.php\/wp-json\/wp\/v2\/pages\/198","targetHints":{"allow":["GET"]}}],"collection":[{"href":"https:\/\/www.cafe-des-jaseurs.fr\/index.php\/wp-json\/wp\/v2\/pages"}],"about":[{"href":"https:\/\/www.cafe-des-jaseurs.fr\/index.php\/wp-json\/wp\/v2\/types\/page"}],"author":[{"embeddable":true,"href":"https:\/\/www.cafe-des-jaseurs.fr\/index.php\/wp-json\/wp\/v2\/users\/1"}],"replies":[{"embeddable":true,"href":"https:\/\/www.cafe-des-jaseurs.fr\/index.php\/wp-json\/wp\/v2\/comments?post=198"}],"version-history":[{"count":1,"href":"https:\/\/www.cafe-des-jaseurs.fr\/index.php\/wp-json\/wp\/v2\/pages\/198\/revisions"}],"predecessor-version":[{"id":206,"href":"https:\/\/www.cafe-des-jaseurs.fr\/index.php\/wp-json\/wp\/v2\/pages\/198\/revisions\/206"}],"wp:attachment":[{"href":"https:\/\/www.cafe-des-jaseurs.fr\/index.php\/wp-json\/wp\/v2\/media?parent=198"}],"curies":[{"name":"wp","href":"https:\/\/api.w.org\/{rel}","templated":true}]}}