{"id":11,"date":"2022-12-21T19:01:43","date_gmt":"2022-12-21T18:01:43","guid":{"rendered":"http:\/\/www.cafe-des-jaseurs.fr\/?page_id=11"},"modified":"2026-04-08T20:28:35","modified_gmt":"2026-04-08T18:28:35","slug":"le-cafe-des-jaseurs","status":"publish","type":"page","link":"https:\/\/www.cafe-des-jaseurs.fr\/index.php\/le-cafe-des-jaseurs\/","title":{"rendered":"Qui sommes nous ?"},"content":{"rendered":"\n<p>Un caf\u00e9 de r\u00eave comme une auberge lunaire, un bistrot vagabond ouvert aux quatre vents, une brasserie \u00e0 id\u00e9es  ! <\/p>\n\n\n\n<figure class=\"wp-block-image size-large\"><img loading=\"lazy\" decoding=\"async\" width=\"1024\" height=\"656\" src=\"https:\/\/www.cafe-des-jaseurs.fr\/wp-content\/uploads\/2026\/04\/oiseleurs-1024x656.jpg\" alt=\"\" class=\"wp-image-387\" srcset=\"https:\/\/www.cafe-des-jaseurs.fr\/wp-content\/uploads\/2026\/04\/oiseleurs-1024x656.jpg 1024w, https:\/\/www.cafe-des-jaseurs.fr\/wp-content\/uploads\/2026\/04\/oiseleurs-300x192.jpg 300w, https:\/\/www.cafe-des-jaseurs.fr\/wp-content\/uploads\/2026\/04\/oiseleurs-768x492.jpg 768w, https:\/\/www.cafe-des-jaseurs.fr\/wp-content\/uploads\/2026\/04\/oiseleurs-1536x985.jpg 1536w, https:\/\/www.cafe-des-jaseurs.fr\/wp-content\/uploads\/2026\/04\/oiseleurs-2048x1313.jpg 2048w\" sizes=\"auto, (max-width: 767px) 89vw, (max-width: 1000px) 54vw, (max-width: 1071px) 543px, 580px\" \/><\/figure>\n\n\n\n<p>Objet et esprit&nbsp;:<\/p>\n\n\n\n<p>1\/ Offrir un espace \u00e0 l&rsquo;art de la parole, de la conversation gourmande et de la cr\u00e9ation po\u00e9tique<\/p>\n\n\n\n<p>2\/ D\u00e9velopper des \u00e9changes entre les membres dans un esprit de fraternit\u00e9, de mutualisation, de solidarit\u00e9.<\/p>\n\n\n\n<p>Quelques principes pos\u00e9s et activit\u00e9s possibles&nbsp;:<\/p>\n\n\n\n<p>\u00c9changes de pratiques&nbsp;: du jardinage \u00e0 l\u2019art du conte en passant par la prise en main d\u2019un logiciel ou la men\u00e9e d\u2019une chorale, que l\u2019on soit novice ou expert, chacun peut apporter son exp\u00e9rience, ses questionnements et son envie de faire et de partager.<\/p>\n\n\n\n<p>Formations et conseils&nbsp;: chaque adh\u00e9rent\u00b7es, si elle ou il le d\u00e9sire pourra proposer ou r\u00e9pondre \u00e0 des demandes de formation dans son domaine d\u2019expertise. Si des fonds sont r\u00e9colt\u00e9s, ils permettront de r\u00e9aliser les objectifs de l\u2019association.<\/p>\n\n\n\n<p>Le petit th\u00e9\u00e2tre devant le tilleul&nbsp;: dans des locaux mis \u00e0 disposition par Claire Gauthier et Guy Prunier \u00e0 Corveissiat dans l\u2019Ain, le petit th\u00e9\u00e2tre est un espace de travail artistique et d\u2019atelier ouvert aux artistes du spectacle vivant qui souhaite rendre visite ou r\u00e9sider quelques jours. Il est ouvert \u00e9galement aux habitants du hameau et aux ami\u00b7es venu\u00b7es d\u2019un peu plus loin pour rencontrer ces artistes.<\/p>\n\n\n\n<p>L\u2019association \u00ab&nbsp;le caf\u00e9 des jaseurs&nbsp;\u00bb dispose de mat\u00e9riel technique qu\u2019il peut mettre \u00e0 disposition de ses membres.<\/p>\n\n\n\n<p>Accompagnement d\u2019artistes&nbsp;: l\u2019association se donne \u00e9galement comme objectif d\u2019accompagner des projets artistiques, tant artistiquement, techniquement que financi\u00e8rement dans la limite de ses moyens et sans but lucratif.<\/p>\n\n\n\n<p>Elle peut \u00e9galement soutenir des actions locales ou plus larges qui lui semble rentrer dans ces objectifs<\/p>\n\n\n\n<p>Fond de documentation contes, r\u00e9cits et po\u00e9sie&nbsp;:<\/p>\n\n\n\n<p>Des livres, des revues et des disques sont mis \u00e0 disposition des adh\u00e9rent\u00b7es<\/p>\n\n\n\n<p>Des documents \u00e9crits ou sonores pourront \u00e9galement \u00eatre propos\u00e9s.<\/p>\n\n\n\n<p>Ce site faisant partie du \u00ab\u00a0caf\u00e9 des jaseurs\u00a0\u00bb, on devrait pouvoir y trouver \u00e0 voir et \u00e0 songer.<\/p>\n","protected":false},"excerpt":{"rendered":"<p>Un caf\u00e9 de r\u00eave comme une auberge lunaire, un bistrot vagabond ouvert aux quatre vents, une brasserie \u00e0 id\u00e9es ! Objet et esprit&nbsp;: 1\/ Offrir un espace \u00e0 l&rsquo;art de la parole, de la conversation gourmande et de la cr\u00e9ation po\u00e9tique 2\/ D\u00e9velopper des \u00e9changes entre les membres dans un esprit de fraternit\u00e9, de mutualisation, &hellip; <\/p>\n<p class=\"link-more\"><a href=\"https:\/\/www.cafe-des-jaseurs.fr\/index.php\/le-cafe-des-jaseurs\/\" class=\"more-link\">Continuer la lecture<span class=\"screen-reader-text\"> de &laquo;&nbsp;Qui sommes nous ?&nbsp;&raquo;<\/span><\/a><\/p>\n","protected":false},"author":1,"featured_media":0,"parent":0,"menu_order":0,"comment_status":"closed","ping_status":"closed","template":"","meta":{"footnotes":""},"class_list":["post-11","page","type-page","status-publish","hentry"],"_links":{"self":[{"href":"https:\/\/www.cafe-des-jaseurs.fr\/index.php\/wp-json\/wp\/v2\/pages\/11","targetHints":{"allow":["GET"]}}],"collection":[{"href":"https:\/\/www.cafe-des-jaseurs.fr\/index.php\/wp-json\/wp\/v2\/pages"}],"about":[{"href":"https:\/\/www.cafe-des-jaseurs.fr\/index.php\/wp-json\/wp\/v2\/types\/page"}],"author":[{"embeddable":true,"href":"https:\/\/www.cafe-des-jaseurs.fr\/index.php\/wp-json\/wp\/v2\/users\/1"}],"replies":[{"embeddable":true,"href":"https:\/\/www.cafe-des-jaseurs.fr\/index.php\/wp-json\/wp\/v2\/comments?post=11"}],"version-history":[{"count":9,"href":"https:\/\/www.cafe-des-jaseurs.fr\/index.php\/wp-json\/wp\/v2\/pages\/11\/revisions"}],"predecessor-version":[{"id":388,"href":"https:\/\/www.cafe-des-jaseurs.fr\/index.php\/wp-json\/wp\/v2\/pages\/11\/revisions\/388"}],"wp:attachment":[{"href":"https:\/\/www.cafe-des-jaseurs.fr\/index.php\/wp-json\/wp\/v2\/media?parent=11"}],"curies":[{"name":"wp","href":"https:\/\/api.w.org\/{rel}","templated":true}]}}